{"id":8302,"date":"2025-07-11T00:39:57","date_gmt":"2025-07-10T23:39:57","guid":{"rendered":"https:\/\/volz.pt\/?post_type=product&#038;p=8302"},"modified":"2026-03-24T16:25:58","modified_gmt":"2026-03-24T16:25:58","slug":"lily-set-v1","status":"publish","type":"product","link":"https:\/\/volz.pt\/pt-pt\/produto\/lily-set-v1\/","title":{"rendered":"Lily Set | V1"},"content":{"rendered":"<p><strong>Tecido: <\/strong>Lycra reciclada Resistente \u00e0 ultraclora\u00e7\u00e3o. Resist\u00eancia ao creme e ao \u00f3leo solar. Controlo muscular. Reten\u00e7\u00e3o da forma. Protec\u00e7\u00e3o UV. Suave. Elasticidade bidireccional. Resistente a pilling. Extra confort\u00e1vel.<\/p>\n","protected":false},"excerpt":{"rendered":"<p>Top de bikini estilo bandeau com aplica\u00e7\u00e3o floral remov\u00edvel para um look vers\u00e1til 2 em 1. Inclui copas remov\u00edveis para conforto personalizado e fecho de atar nas costas. Acompanha cuecas simples com pormenor franzido nas laterais, desenhadas para real\u00e7ar a silhueta.<\/p>\n","protected":false},"featured_media":8261,"comment_status":"closed","ping_status":"closed","template":"","meta":[],"product_brand":[],"product_cat":[111],"product_tag":[],"class_list":{"0":"post-8302","1":"product","2":"type-product","3":"status-publish","4":"has-post-thumbnail","6":"product_cat-bikinis-pt","7":"pa_bikini-type-bikini-set-pt-pt","8":"pa_collection-the-blooming-collection-pt-pt","9":"pa_color-amarelo-camelia-clara","10":"pa_size-s-pt","11":"pa_size-m-pt","12":"pa_size-l-pt","14":"first","15":"instock","16":"sale","17":"taxable","18":"shipping-taxable","19":"purchasable","20":"product-type-simple"},"jetpack_sharing_enabled":true,"_links":{"self":[{"href":"https:\/\/volz.pt\/pt-pt\/wp-json\/wp\/v2\/product\/8302","targetHints":{"allow":["GET"]}}],"collection":[{"href":"https:\/\/volz.pt\/pt-pt\/wp-json\/wp\/v2\/product"}],"about":[{"href":"https:\/\/volz.pt\/pt-pt\/wp-json\/wp\/v2\/types\/product"}],"replies":[{"embeddable":true,"href":"https:\/\/volz.pt\/pt-pt\/wp-json\/wp\/v2\/comments?post=8302"}],"wp:featuredmedia":[{"embeddable":true,"href":"https:\/\/volz.pt\/pt-pt\/wp-json\/wp\/v2\/media\/8261"}],"wp:attachment":[{"href":"https:\/\/volz.pt\/pt-pt\/wp-json\/wp\/v2\/media?parent=8302"}],"wp:term":[{"taxonomy":"product_brand","embeddable":true,"href":"https:\/\/volz.pt\/pt-pt\/wp-json\/wp\/v2\/product_brand?post=8302"},{"taxonomy":"product_cat","embeddable":true,"href":"https:\/\/volz.pt\/pt-pt\/wp-json\/wp\/v2\/product_cat?post=8302"},{"taxonomy":"product_tag","embeddable":true,"href":"https:\/\/volz.pt\/pt-pt\/wp-json\/wp\/v2\/product_tag?post=8302"}],"curies":[{"name":"wp","href":"https:\/\/api.w.org\/{rel}","templated":true}]}}