{"id":8301,"date":"2025-07-11T00:27:26","date_gmt":"2025-07-10T23:27:26","guid":{"rendered":"https:\/\/volz.pt\/?post_type=product&#038;p=8301"},"modified":"2026-03-24T16:26:11","modified_gmt":"2026-03-24T16:26:11","slug":"rose-set-v2","status":"publish","type":"product","link":"https:\/\/volz.pt\/pt-pt\/produto\/rose-set-v2\/","title":{"rendered":"Rose Set | V2"},"content":{"rendered":"<p><strong>Tecido: <\/strong>Lycra reciclada Resistente \u00e0 ultraclora\u00e7\u00e3o. Resist\u00eancia ao creme e ao \u00f3leo solar. Controlo muscular. Reten\u00e7\u00e3o da forma. Protec\u00e7\u00e3o UV. Suave. Elasticidade bidireccional. Resistente a pilling. Extra confort\u00e1vel.<\/p>\n<p><strong>Forro:<\/strong> \u00c0 prova de cloro. Secagem r\u00e1pida. Resist\u00eancia ao creme e ao \u00f3leo solar. Suave. Extra confort\u00e1vel. Protec\u00e7\u00e3o UV. Resistente \u00e0 areia. OEKO-TEX Standard 100.<\/p>\n","protected":false},"excerpt":{"rendered":"<p>Conjunto de bikini com aplica\u00e7\u00f5es florais remov\u00edveis para dois looks num s\u00f3. Top com aro, al\u00e7as, copas remov\u00edveis e tiras de atar nas costas para maior suporte, conforto e ajuste perfeitos. Acompanhado por cuecas de cintura m\u00e9dia para uma silhueta equilibrada e favorecedora.<\/p>\n","protected":false},"featured_media":8248,"comment_status":"closed","ping_status":"closed","template":"","meta":[],"product_brand":[],"product_cat":[111],"product_tag":[],"class_list":{"0":"post-8301","1":"product","2":"type-product","3":"status-publish","4":"has-post-thumbnail","6":"product_cat-bikinis-pt","7":"pa_bikini-type-bikini-set-pt-pt","8":"pa_collection-the-blooming-collection-pt-pt","9":"pa_color-verde-oliva-claro","10":"pa_size-s-pt","11":"pa_size-m-pt","12":"pa_size-l-pt","14":"first","15":"instock","16":"sale","17":"taxable","18":"shipping-taxable","19":"purchasable","20":"product-type-simple"},"jetpack_sharing_enabled":true,"_links":{"self":[{"href":"https:\/\/volz.pt\/pt-pt\/wp-json\/wp\/v2\/product\/8301","targetHints":{"allow":["GET"]}}],"collection":[{"href":"https:\/\/volz.pt\/pt-pt\/wp-json\/wp\/v2\/product"}],"about":[{"href":"https:\/\/volz.pt\/pt-pt\/wp-json\/wp\/v2\/types\/product"}],"replies":[{"embeddable":true,"href":"https:\/\/volz.pt\/pt-pt\/wp-json\/wp\/v2\/comments?post=8301"}],"wp:featuredmedia":[{"embeddable":true,"href":"https:\/\/volz.pt\/pt-pt\/wp-json\/wp\/v2\/media\/8248"}],"wp:attachment":[{"href":"https:\/\/volz.pt\/pt-pt\/wp-json\/wp\/v2\/media?parent=8301"}],"wp:term":[{"taxonomy":"product_brand","embeddable":true,"href":"https:\/\/volz.pt\/pt-pt\/wp-json\/wp\/v2\/product_brand?post=8301"},{"taxonomy":"product_cat","embeddable":true,"href":"https:\/\/volz.pt\/pt-pt\/wp-json\/wp\/v2\/product_cat?post=8301"},{"taxonomy":"product_tag","embeddable":true,"href":"https:\/\/volz.pt\/pt-pt\/wp-json\/wp\/v2\/product_tag?post=8301"}],"curies":[{"name":"wp","href":"https:\/\/api.w.org\/{rel}","templated":true}]}}