{"id":7859,"date":"2023-03-22T10:41:13","date_gmt":"2023-03-22T10:41:13","guid":{"rendered":"https:\/\/volz.pt\/?post_type=product&#038;p=7859"},"modified":"2026-03-24T16:30:59","modified_gmt":"2026-03-24T16:30:59","slug":"tahoe-set-v2","status":"publish","type":"product","link":"https:\/\/volz.pt\/pt-pt\/produto\/tahoe-set-v2\/","title":{"rendered":"Tahoe Set | V2"},"content":{"rendered":"<p><strong>Tecido:<\/strong> Alta resist\u00eancia. Protec\u00e7\u00e3o UV. Resistente ao cloro. Resist\u00eancia ao creme e ao \u00f3leo solar. OEKO-TEX Standard 100.<\/p>\n<p><strong>Forro:<\/strong> \u00c0 prova de cloro. Secagem r\u00e1pida. Resist\u00eancia ao creme e ao \u00f3leo solar. Suave. Extra confort\u00e1vel. Protec\u00e7\u00e3o UV. Resistente \u00e0 areia. OEKO-TEX Standard 100.<\/p>\n","protected":false},"excerpt":{"rendered":"<p>Biqu\u00edni minimalista que real\u00e7a a silhueta. Parte de cima com al\u00e7as e detalhe de decote quadrado que real\u00e7a o peito. Cuecas de cintura subida com molde para real\u00e7ar qualquer tipo de silhueta. A modelo veste o tamanho &#8220;S&#8221;.<\/p>\n","protected":false},"featured_media":7629,"comment_status":"closed","ping_status":"closed","template":"","meta":[],"product_brand":[],"product_cat":[111],"product_tag":[],"class_list":{"0":"post-7859","1":"product","2":"type-product","3":"status-publish","4":"has-post-thumbnail","6":"product_cat-bikinis-pt","7":"pa_bikini-type-bikini-set-pt-pt","8":"pa_collection-the-lake-edition-pt-pt","9":"pa_color-cru","10":"pa_size-s-pt","11":"pa_size-m-pt","12":"pa_size-l-pt","13":"pa_size-xl-pt-pt","15":"first","16":"instock","17":"sale","18":"taxable","19":"shipping-taxable","20":"purchasable","21":"product-type-simple"},"jetpack_sharing_enabled":true,"_links":{"self":[{"href":"https:\/\/volz.pt\/pt-pt\/wp-json\/wp\/v2\/product\/7859","targetHints":{"allow":["GET"]}}],"collection":[{"href":"https:\/\/volz.pt\/pt-pt\/wp-json\/wp\/v2\/product"}],"about":[{"href":"https:\/\/volz.pt\/pt-pt\/wp-json\/wp\/v2\/types\/product"}],"replies":[{"embeddable":true,"href":"https:\/\/volz.pt\/pt-pt\/wp-json\/wp\/v2\/comments?post=7859"}],"wp:featuredmedia":[{"embeddable":true,"href":"https:\/\/volz.pt\/pt-pt\/wp-json\/wp\/v2\/media\/7629"}],"wp:attachment":[{"href":"https:\/\/volz.pt\/pt-pt\/wp-json\/wp\/v2\/media?parent=7859"}],"wp:term":[{"taxonomy":"product_brand","embeddable":true,"href":"https:\/\/volz.pt\/pt-pt\/wp-json\/wp\/v2\/product_brand?post=7859"},{"taxonomy":"product_cat","embeddable":true,"href":"https:\/\/volz.pt\/pt-pt\/wp-json\/wp\/v2\/product_cat?post=7859"},{"taxonomy":"product_tag","embeddable":true,"href":"https:\/\/volz.pt\/pt-pt\/wp-json\/wp\/v2\/product_tag?post=7859"}],"curies":[{"name":"wp","href":"https:\/\/api.w.org\/{rel}","templated":true}]}}