{"id":7856,"date":"2023-03-21T18:02:35","date_gmt":"2023-03-21T18:02:35","guid":{"rendered":"https:\/\/volz.pt\/?post_type=product&#038;p=7856"},"modified":"2026-03-24T16:34:03","modified_gmt":"2026-03-24T16:34:03","slug":"tana-set-v1","status":"publish","type":"product","link":"https:\/\/volz.pt\/pt-pt\/produto\/tana-set-v1\/","title":{"rendered":"Tana Set | V1"},"content":{"rendered":"<p><strong>Tecido: <\/strong>Lycra reciclada Elasticidade bidireccional. Suave. Resistente \u00e0 ultraclora\u00e7\u00e3o. OEKO-TEX Standard 100.<\/p>\n<p><strong>Forro:<\/strong> \u00c0 prova de cloro. Secagem r\u00e1pida. Resist\u00eancia ao creme e ao \u00f3leo solar. Suave. Extra confort\u00e1vel. Protec\u00e7\u00e3o UV. Resistente \u00e0 areia. OEKO-TEX Standard 100.<\/p>\n","protected":false},"excerpt":{"rendered":"<p>Biqu\u00edni em forma de tri\u00e2ngulo com tecido texturado. Copas remov\u00edveis que garantem conforto. Cuecas simples com molde para real\u00e7ar qualquer tipo de silhueta. Extra confort\u00e1veis devido \u00e0 textura. A modelo veste o tamanho &#8220;S&#8221;.<\/p>\n","protected":false},"featured_media":7677,"comment_status":"closed","ping_status":"closed","template":"","meta":[],"product_brand":[],"product_cat":[111],"product_tag":[],"class_list":{"0":"post-7856","1":"product","2":"type-product","3":"status-publish","4":"has-post-thumbnail","6":"product_cat-bikinis-pt","7":"pa_bikini-type-bikini-set-pt-pt","8":"pa_collection-the-lake-edition-pt-pt","9":"pa_color-verde-menta","10":"pa_size-s-pt","11":"pa_size-m-pt","12":"pa_size-l-pt","14":"first","15":"instock","16":"sale","17":"taxable","18":"shipping-taxable","19":"purchasable","20":"product-type-simple"},"jetpack_sharing_enabled":true,"_links":{"self":[{"href":"https:\/\/volz.pt\/pt-pt\/wp-json\/wp\/v2\/product\/7856","targetHints":{"allow":["GET"]}}],"collection":[{"href":"https:\/\/volz.pt\/pt-pt\/wp-json\/wp\/v2\/product"}],"about":[{"href":"https:\/\/volz.pt\/pt-pt\/wp-json\/wp\/v2\/types\/product"}],"replies":[{"embeddable":true,"href":"https:\/\/volz.pt\/pt-pt\/wp-json\/wp\/v2\/comments?post=7856"}],"wp:featuredmedia":[{"embeddable":true,"href":"https:\/\/volz.pt\/pt-pt\/wp-json\/wp\/v2\/media\/7677"}],"wp:attachment":[{"href":"https:\/\/volz.pt\/pt-pt\/wp-json\/wp\/v2\/media?parent=7856"}],"wp:term":[{"taxonomy":"product_brand","embeddable":true,"href":"https:\/\/volz.pt\/pt-pt\/wp-json\/wp\/v2\/product_brand?post=7856"},{"taxonomy":"product_cat","embeddable":true,"href":"https:\/\/volz.pt\/pt-pt\/wp-json\/wp\/v2\/product_cat?post=7856"},{"taxonomy":"product_tag","embeddable":true,"href":"https:\/\/volz.pt\/pt-pt\/wp-json\/wp\/v2\/product_tag?post=7856"}],"curies":[{"name":"wp","href":"https:\/\/api.w.org\/{rel}","templated":true}]}}