{"id":7852,"date":"2023-03-22T09:55:49","date_gmt":"2023-03-22T09:55:49","guid":{"rendered":"https:\/\/volz.pt\/?post_type=product&#038;p=7852"},"modified":"2026-03-24T16:33:46","modified_gmt":"2026-03-24T16:33:46","slug":"noi-set-v1","status":"publish","type":"product","link":"https:\/\/volz.pt\/pt-pt\/produto\/noi-set-v1\/","title":{"rendered":"Noi Set | V1"},"content":{"rendered":"<p><strong>Tecido:<\/strong> Texturado. Ajuste perfeito. Secagem r\u00e1pida. Respir\u00e1vel. Extra confort\u00e1vel. Resist\u00eancia ao creme e ao \u00f3leo solar.<\/p>\n<p><strong>Forro:<\/strong> \u00c0 prova de cloro. Secagem r\u00e1pida. Resist\u00eancia ao creme e ao \u00f3leo solar. Suave. Extra confort\u00e1vel. Protec\u00e7\u00e3o UV. Resistente \u00e0 areia. OEKO-TEX Standard 100.<\/p>\n","protected":false},"excerpt":{"rendered":"<p>Biqu\u00edni elegante que real\u00e7a a silhueta e se adapta a todos os tipos de corpo. Biqu\u00edni elegante que real\u00e7a a silhueta e se adapta a todos os tipos de corpo. Detalhe de decote quadrado. Fecho na parte de tr\u00e1s. Cuecas simples. Tecido texturado. A modelo veste o tamanho &#8220;S&#8221;.<\/p>\n","protected":false},"featured_media":7653,"comment_status":"closed","ping_status":"closed","template":"","meta":[],"product_brand":[],"product_cat":[111],"product_tag":[],"class_list":{"0":"post-7852","1":"product","2":"type-product","3":"status-publish","4":"has-post-thumbnail","6":"product_cat-bikinis-pt","7":"pa_bikini-type-bikini-set-pt-pt","8":"pa_collection-the-lake-edition-pt-pt","9":"pa_color-preto","10":"pa_size-s-pt","11":"pa_size-m-pt","12":"pa_size-l-pt","13":"pa_size-xl-pt-pt","15":"first","16":"instock","17":"sale","18":"taxable","19":"shipping-taxable","20":"purchasable","21":"product-type-simple"},"jetpack_sharing_enabled":true,"_links":{"self":[{"href":"https:\/\/volz.pt\/pt-pt\/wp-json\/wp\/v2\/product\/7852","targetHints":{"allow":["GET"]}}],"collection":[{"href":"https:\/\/volz.pt\/pt-pt\/wp-json\/wp\/v2\/product"}],"about":[{"href":"https:\/\/volz.pt\/pt-pt\/wp-json\/wp\/v2\/types\/product"}],"replies":[{"embeddable":true,"href":"https:\/\/volz.pt\/pt-pt\/wp-json\/wp\/v2\/comments?post=7852"}],"wp:featuredmedia":[{"embeddable":true,"href":"https:\/\/volz.pt\/pt-pt\/wp-json\/wp\/v2\/media\/7653"}],"wp:attachment":[{"href":"https:\/\/volz.pt\/pt-pt\/wp-json\/wp\/v2\/media?parent=7852"}],"wp:term":[{"taxonomy":"product_brand","embeddable":true,"href":"https:\/\/volz.pt\/pt-pt\/wp-json\/wp\/v2\/product_brand?post=7852"},{"taxonomy":"product_cat","embeddable":true,"href":"https:\/\/volz.pt\/pt-pt\/wp-json\/wp\/v2\/product_cat?post=7852"},{"taxonomy":"product_tag","embeddable":true,"href":"https:\/\/volz.pt\/pt-pt\/wp-json\/wp\/v2\/product_tag?post=7852"}],"curies":[{"name":"wp","href":"https:\/\/api.w.org\/{rel}","templated":true}]}}