{"id":7785,"date":"2023-03-21T15:37:26","date_gmt":"2023-03-21T15:37:26","guid":{"rendered":"https:\/\/volz.pt\/?post_type=product&#038;p=7785"},"modified":"2026-03-24T16:57:14","modified_gmt":"2026-03-24T16:57:14","slug":"moraine-v1","status":"publish","type":"product","link":"https:\/\/volz.pt\/pt-pt\/produto\/moraine-v1\/","title":{"rendered":"Moraine I V1"},"content":{"rendered":"<p><strong>Tecido: <\/strong>Lycra reciclada Ultra resistente ao cloro. Resist\u00eancia ao creme e ao \u00f3leo solar. Controlo muscular. Reten\u00e7\u00e3o da forma. Protec\u00e7\u00e3o UV. Suave. Elasticidade bidireccional. Resistente a pilling. Extra confort\u00e1vel.<\/p>\n<p><strong>Forro:<\/strong> \u00c0 prova de cloro. Secagem r\u00e1pida. Resist\u00eancia ao creme e ao \u00f3leo solar. Suave. Extra confort\u00e1vel. Protec\u00e7\u00e3o UV. Resistente \u00e0 areia. OEKO-TEX Standard 100.<\/p>\n","protected":false},"excerpt":{"rendered":"<p>Fato de banho assim\u00e9trico com recortes e uma al\u00e7a larga no ombro para um ajuste perfeito. Design assim\u00e9trico nas costas. Fecho na parte de tr\u00e1s. A modelo veste o tamanho &#8220;S&#8221;.<\/p>\n","protected":false},"featured_media":7721,"comment_status":"closed","ping_status":"closed","template":"","meta":[],"product_brand":[],"product_cat":[112],"product_tag":[],"class_list":{"0":"post-7785","1":"product","2":"type-product","3":"status-publish","4":"has-post-thumbnail","6":"product_cat-fatos-de-banho","7":"pa_collection-the-lake-edition-pt-pt","8":"pa_color-preto","9":"pa_size-s-pt","10":"pa_size-m-pt","11":"pa_size-l-pt","13":"first","14":"instock","15":"sale","16":"taxable","17":"shipping-taxable","18":"purchasable","19":"product-type-variable"},"jetpack_sharing_enabled":true,"_links":{"self":[{"href":"https:\/\/volz.pt\/pt-pt\/wp-json\/wp\/v2\/product\/7785","targetHints":{"allow":["GET"]}}],"collection":[{"href":"https:\/\/volz.pt\/pt-pt\/wp-json\/wp\/v2\/product"}],"about":[{"href":"https:\/\/volz.pt\/pt-pt\/wp-json\/wp\/v2\/types\/product"}],"replies":[{"embeddable":true,"href":"https:\/\/volz.pt\/pt-pt\/wp-json\/wp\/v2\/comments?post=7785"}],"wp:featuredmedia":[{"embeddable":true,"href":"https:\/\/volz.pt\/pt-pt\/wp-json\/wp\/v2\/media\/7721"}],"wp:attachment":[{"href":"https:\/\/volz.pt\/pt-pt\/wp-json\/wp\/v2\/media?parent=7785"}],"wp:term":[{"taxonomy":"product_brand","embeddable":true,"href":"https:\/\/volz.pt\/pt-pt\/wp-json\/wp\/v2\/product_brand?post=7785"},{"taxonomy":"product_cat","embeddable":true,"href":"https:\/\/volz.pt\/pt-pt\/wp-json\/wp\/v2\/product_cat?post=7785"},{"taxonomy":"product_tag","embeddable":true,"href":"https:\/\/volz.pt\/pt-pt\/wp-json\/wp\/v2\/product_tag?post=7785"}],"curies":[{"name":"wp","href":"https:\/\/api.w.org\/{rel}","templated":true}]}}