{"id":7780,"date":"2023-03-21T15:25:50","date_gmt":"2023-03-21T15:25:50","guid":{"rendered":"https:\/\/volz.pt\/?post_type=product&#038;p=7780"},"modified":"2026-03-24T16:54:17","modified_gmt":"2026-03-24T16:54:17","slug":"hutt-v1","status":"publish","type":"product","link":"https:\/\/volz.pt\/pt-pt\/produto\/hutt-v1\/","title":{"rendered":"Hutt | V1"},"content":{"rendered":"<p><strong>Tecido:<\/strong> Resistente a pilling. Fit perfeito. Elasticidade bidireccional. Protec\u00e7\u00e3o UV. Secagem r\u00e1pida. Respir\u00e1vel. Extra confort\u00e1vel. Resist\u00eancia ao creme e ao \u00f3leo solar.<\/p>\n<p><strong>Forro:<\/strong> \u00c0 prova de cloro. Secagem r\u00e1pida. Resist\u00eancia ao creme e ao \u00f3leo solar. Suave. Extra confort\u00e1vel. Protec\u00e7\u00e3o UV. Resistente \u00e0 areia. OEKO-TEX Standard 100.<\/p>\n","protected":false},"excerpt":{"rendered":"<p>Fato de banho com um design minimalista que real\u00e7a todas as linhas da silhueta e se adapta a todos os tipos de corpo. Cont\u00e9m al\u00e7as ajust\u00e1veis para um ajuste perfeito. Detalhe em &#8220;V&#8221; com arma\u00e7\u00e3o frontal que real\u00e7a o peito. Costas abertas e tecido texturado. A modelo veste o tamanho &#8220;S&#8221;.<\/p>\n","protected":false},"featured_media":7725,"comment_status":"closed","ping_status":"closed","template":"","meta":[],"product_brand":[],"product_cat":[112],"product_tag":[],"class_list":{"0":"post-7780","1":"product","2":"type-product","3":"status-publish","4":"has-post-thumbnail","6":"product_cat-fatos-de-banho","7":"pa_collection-the-lake-edition-pt-pt","8":"pa_color-branco","9":"pa_size-s-pt","10":"pa_size-m-pt","11":"pa_size-l-pt","12":"pa_size-xl-pt-pt","14":"first","15":"instock","16":"sale","17":"taxable","18":"shipping-taxable","19":"purchasable","20":"product-type-variable"},"jetpack_sharing_enabled":true,"_links":{"self":[{"href":"https:\/\/volz.pt\/pt-pt\/wp-json\/wp\/v2\/product\/7780","targetHints":{"allow":["GET"]}}],"collection":[{"href":"https:\/\/volz.pt\/pt-pt\/wp-json\/wp\/v2\/product"}],"about":[{"href":"https:\/\/volz.pt\/pt-pt\/wp-json\/wp\/v2\/types\/product"}],"replies":[{"embeddable":true,"href":"https:\/\/volz.pt\/pt-pt\/wp-json\/wp\/v2\/comments?post=7780"}],"wp:featuredmedia":[{"embeddable":true,"href":"https:\/\/volz.pt\/pt-pt\/wp-json\/wp\/v2\/media\/7725"}],"wp:attachment":[{"href":"https:\/\/volz.pt\/pt-pt\/wp-json\/wp\/v2\/media?parent=7780"}],"wp:term":[{"taxonomy":"product_brand","embeddable":true,"href":"https:\/\/volz.pt\/pt-pt\/wp-json\/wp\/v2\/product_brand?post=7780"},{"taxonomy":"product_cat","embeddable":true,"href":"https:\/\/volz.pt\/pt-pt\/wp-json\/wp\/v2\/product_cat?post=7780"},{"taxonomy":"product_tag","embeddable":true,"href":"https:\/\/volz.pt\/pt-pt\/wp-json\/wp\/v2\/product_tag?post=7780"}],"curies":[{"name":"wp","href":"https:\/\/api.w.org\/{rel}","templated":true}]}}