{"id":7766,"date":"2023-03-21T15:20:37","date_gmt":"2023-03-21T15:20:37","guid":{"rendered":"https:\/\/volz.pt\/?post_type=product&#038;p=7766"},"modified":"2026-03-24T16:59:18","modified_gmt":"2026-03-24T16:59:18","slug":"natron-v2","status":"publish","type":"product","link":"https:\/\/volz.pt\/pt-pt\/produto\/natron-v2\/","title":{"rendered":"Natron | V2"},"content":{"rendered":"<p><strong>Tecido:<\/strong> Texturado. Ajuste perfeito. Secagem r\u00e1pida. Respir\u00e1vel. Extra confort\u00e1vel. Resist\u00eancia ao creme e ao \u00f3leo solar.<\/p>\n<p><strong>Forro:<\/strong> \u00c0 prova de cloro. Secagem r\u00e1pida. Resist\u00eancia ao creme e ao \u00f3leo solar. Suave. Extra confort\u00e1vel. Protec\u00e7\u00e3o UV. Resistente \u00e0 areia. OEKO-TEX Standard 100.<\/p>\n","protected":false},"excerpt":{"rendered":"<p>Fato de banho com um design minimalista e cl\u00e1ssico que real\u00e7a todas as linhas da silhueta e se adapta a todos os tipos de corpo. Cont\u00e9m al\u00e7as ajust\u00e1veis, aros e copas remov\u00edveis para um ajuste perfeito. Costas abertas e tecido texturado. Costas abertas e tecido texturizado. A modelo veste o tamanho &#8220;S&#8221;.<\/p>\n","protected":false},"featured_media":7745,"comment_status":"closed","ping_status":"closed","template":"","meta":[],"product_brand":[],"product_cat":[112],"product_tag":[],"class_list":{"0":"post-7766","1":"product","2":"type-product","3":"status-publish","4":"has-post-thumbnail","6":"product_cat-fatos-de-banho","7":"pa_collection-the-lake-edition-pt-pt","8":"pa_color-bege","9":"pa_size-s-pt","10":"pa_size-m-pt","11":"pa_size-l-pt","12":"pa_size-xl-pt-pt","14":"first","15":"instock","16":"sale","17":"taxable","18":"shipping-taxable","19":"purchasable","20":"product-type-variable"},"jetpack_sharing_enabled":true,"_links":{"self":[{"href":"https:\/\/volz.pt\/pt-pt\/wp-json\/wp\/v2\/product\/7766","targetHints":{"allow":["GET"]}}],"collection":[{"href":"https:\/\/volz.pt\/pt-pt\/wp-json\/wp\/v2\/product"}],"about":[{"href":"https:\/\/volz.pt\/pt-pt\/wp-json\/wp\/v2\/types\/product"}],"replies":[{"embeddable":true,"href":"https:\/\/volz.pt\/pt-pt\/wp-json\/wp\/v2\/comments?post=7766"}],"wp:featuredmedia":[{"embeddable":true,"href":"https:\/\/volz.pt\/pt-pt\/wp-json\/wp\/v2\/media\/7745"}],"wp:attachment":[{"href":"https:\/\/volz.pt\/pt-pt\/wp-json\/wp\/v2\/media?parent=7766"}],"wp:term":[{"taxonomy":"product_brand","embeddable":true,"href":"https:\/\/volz.pt\/pt-pt\/wp-json\/wp\/v2\/product_brand?post=7766"},{"taxonomy":"product_cat","embeddable":true,"href":"https:\/\/volz.pt\/pt-pt\/wp-json\/wp\/v2\/product_cat?post=7766"},{"taxonomy":"product_tag","embeddable":true,"href":"https:\/\/volz.pt\/pt-pt\/wp-json\/wp\/v2\/product_tag?post=7766"}],"curies":[{"name":"wp","href":"https:\/\/api.w.org\/{rel}","templated":true}]}}