{"id":6670,"date":"2022-06-13T10:54:24","date_gmt":"2022-06-13T09:54:24","guid":{"rendered":"https:\/\/volz.pt\/product\/grau-v1\/"},"modified":"2026-04-02T09:42:04","modified_gmt":"2026-04-02T08:42:04","slug":"grau-v1","status":"publish","type":"product","link":"https:\/\/volz.pt\/pt-pt\/produto\/grau-v1\/","title":{"rendered":"Grau | V1"},"content":{"rendered":"<p><strong>Tecido e forro:<\/strong> Lycra reciclada. Ultra resistente ao cloro. Resist\u00eancia ao creme e ao \u00f3leo solar. Reten\u00e7\u00e3o da forma. Prote\u00e7\u00e3o UV. Suave. Elasticidade bidirecional. Resistente a pilling. Extra confort\u00e1vel. Forro duplo.<\/p>\n","protected":false},"excerpt":{"rendered":"<p>Fato de banho assim\u00e9trico com recortes, detalhe de tiras com reguladores nas al\u00e7as para um fitting perfeito. Detalhes no peito e costas. Tecido reciclado. A modelo veste o tamanho &#8220;S&#8221;.<\/p>\n","protected":false},"featured_media":6149,"comment_status":"open","ping_status":"closed","template":"","meta":[],"product_brand":[],"product_cat":[112],"product_tag":[],"class_list":{"0":"post-6670","1":"product","2":"type-product","3":"status-publish","4":"has-post-thumbnail","6":"product_cat-fatos-de-banho","7":"pa_collection-colecao-mar-mar","8":"pa_color-terracota","9":"pa_size-s-pt","10":"pa_size-m-pt","11":"pa_size-l-pt","13":"first","14":"instock","15":"sale","16":"taxable","17":"shipping-taxable","18":"purchasable","19":"product-type-variable"},"jetpack_sharing_enabled":true,"_links":{"self":[{"href":"https:\/\/volz.pt\/pt-pt\/wp-json\/wp\/v2\/product\/6670","targetHints":{"allow":["GET"]}}],"collection":[{"href":"https:\/\/volz.pt\/pt-pt\/wp-json\/wp\/v2\/product"}],"about":[{"href":"https:\/\/volz.pt\/pt-pt\/wp-json\/wp\/v2\/types\/product"}],"replies":[{"embeddable":true,"href":"https:\/\/volz.pt\/pt-pt\/wp-json\/wp\/v2\/comments?post=6670"}],"wp:featuredmedia":[{"embeddable":true,"href":"https:\/\/volz.pt\/pt-pt\/wp-json\/wp\/v2\/media\/6149"}],"wp:attachment":[{"href":"https:\/\/volz.pt\/pt-pt\/wp-json\/wp\/v2\/media?parent=6670"}],"wp:term":[{"taxonomy":"product_brand","embeddable":true,"href":"https:\/\/volz.pt\/pt-pt\/wp-json\/wp\/v2\/product_brand?post=6670"},{"taxonomy":"product_cat","embeddable":true,"href":"https:\/\/volz.pt\/pt-pt\/wp-json\/wp\/v2\/product_cat?post=6670"},{"taxonomy":"product_tag","embeddable":true,"href":"https:\/\/volz.pt\/pt-pt\/wp-json\/wp\/v2\/product_tag?post=6670"}],"curies":[{"name":"wp","href":"https:\/\/api.w.org\/{rel}","templated":true}]}}