{"id":6664,"date":"2022-06-13T10:54:36","date_gmt":"2022-06-13T09:54:36","guid":{"rendered":"https:\/\/volz.pt\/product\/aegean-v1\/"},"modified":"2026-04-02T09:48:41","modified_gmt":"2026-04-02T08:48:41","slug":"aegean-v1-2","status":"publish","type":"product","link":"https:\/\/volz.pt\/pt-pt\/produto\/aegean-v1-2\/","title":{"rendered":"Aegean | V1"},"content":{"rendered":"<p><strong>Tecido:<\/strong> Elasticidade bidirecional. Resistente a pilling. Melhora qualquer tipo de silhueta. OEKO-TEX Standard 100.<\/p>\n<p><strong>Forro:<\/strong> \u00c0 prova de cloro. Secagem r\u00e1pida. Resist\u00eancia ao creme e ao \u00f3leo solar. Suave. Extra confort\u00e1vel. Prote\u00e7\u00e3o UV. Resistente \u00e0 areia. OEKO-TEX Standard 100.<\/p>\n","protected":false},"excerpt":{"rendered":"<p>Fato de banho texturado com detalhe de costura. Extra confort\u00e1vel devido \u00e0 textura. A modelo veste o tamanho &#8220;S&#8221;.<\/p>\n","protected":false},"featured_media":6217,"comment_status":"open","ping_status":"closed","template":"","meta":[],"product_brand":[],"product_cat":[112],"product_tag":[],"class_list":{"0":"post-6664","1":"product","2":"type-product","3":"status-publish","4":"has-post-thumbnail","6":"product_cat-fatos-de-banho","7":"pa_collection-colecao-mar-mar","8":"pa_color-verde-seco","9":"pa_size-s-pt","10":"pa_size-m-pt","11":"pa_size-l-pt","13":"first","14":"instock","15":"sale","16":"taxable","17":"shipping-taxable","18":"purchasable","19":"product-type-variable"},"jetpack_sharing_enabled":true,"_links":{"self":[{"href":"https:\/\/volz.pt\/pt-pt\/wp-json\/wp\/v2\/product\/6664","targetHints":{"allow":["GET"]}}],"collection":[{"href":"https:\/\/volz.pt\/pt-pt\/wp-json\/wp\/v2\/product"}],"about":[{"href":"https:\/\/volz.pt\/pt-pt\/wp-json\/wp\/v2\/types\/product"}],"replies":[{"embeddable":true,"href":"https:\/\/volz.pt\/pt-pt\/wp-json\/wp\/v2\/comments?post=6664"}],"wp:featuredmedia":[{"embeddable":true,"href":"https:\/\/volz.pt\/pt-pt\/wp-json\/wp\/v2\/media\/6217"}],"wp:attachment":[{"href":"https:\/\/volz.pt\/pt-pt\/wp-json\/wp\/v2\/media?parent=6664"}],"wp:term":[{"taxonomy":"product_brand","embeddable":true,"href":"https:\/\/volz.pt\/pt-pt\/wp-json\/wp\/v2\/product_brand?post=6664"},{"taxonomy":"product_cat","embeddable":true,"href":"https:\/\/volz.pt\/pt-pt\/wp-json\/wp\/v2\/product_cat?post=6664"},{"taxonomy":"product_tag","embeddable":true,"href":"https:\/\/volz.pt\/pt-pt\/wp-json\/wp\/v2\/product_tag?post=6664"}],"curies":[{"name":"wp","href":"https:\/\/api.w.org\/{rel}","templated":true}]}}