{"id":6654,"date":"2022-06-13T10:54:24","date_gmt":"2022-06-13T09:54:24","guid":{"rendered":"https:\/\/volz.pt\/product\/grau-v2\/"},"modified":"2026-03-24T16:45:22","modified_gmt":"2026-03-24T16:45:22","slug":"grau-v2","status":"publish","type":"product","link":"https:\/\/volz.pt\/pt-pt\/produto\/grau-v2\/","title":{"rendered":"Grau | V2"},"content":{"rendered":"<p><strong>Tecido e forro:<\/strong> Lycra reciclada Resistente \u00e0 ultraclora\u00e7\u00e3o. Resist\u00eancia ao creme e ao \u00f3leo solar. Controlo muscular. Reten\u00e7\u00e3o da forma. Protec\u00e7\u00e3o UV. Suave. Elasticidade bidireccional. Resistente a pingos. Extra confort\u00e1vel. Forro duplo.<\/p>\n","protected":false},"excerpt":{"rendered":"<p>Fato de banho assim\u00e9trico com recortes, detalhe de tiras com reguladores nas al\u00e7as para um fitting perfeito. Detalhes no peito e costas. O modelo veste o tamanho &#8220;S&#8221;.<\/p>\n","protected":false},"featured_media":6157,"comment_status":"open","ping_status":"closed","template":"","meta":[],"product_brand":[],"product_cat":[112],"product_tag":[],"class_list":{"0":"post-6654","1":"product","2":"type-product","3":"status-publish","4":"has-post-thumbnail","6":"product_cat-fatos-de-banho","7":"pa_collection-colecao-mar-mar","8":"pa_color-verde","9":"pa_size-s-pt","10":"pa_size-m-pt","11":"pa_size-l-pt","13":"first","14":"instock","15":"sale","16":"taxable","17":"shipping-taxable","18":"purchasable","19":"product-type-variable"},"jetpack_sharing_enabled":true,"_links":{"self":[{"href":"https:\/\/volz.pt\/pt-pt\/wp-json\/wp\/v2\/product\/6654","targetHints":{"allow":["GET"]}}],"collection":[{"href":"https:\/\/volz.pt\/pt-pt\/wp-json\/wp\/v2\/product"}],"about":[{"href":"https:\/\/volz.pt\/pt-pt\/wp-json\/wp\/v2\/types\/product"}],"replies":[{"embeddable":true,"href":"https:\/\/volz.pt\/pt-pt\/wp-json\/wp\/v2\/comments?post=6654"}],"wp:featuredmedia":[{"embeddable":true,"href":"https:\/\/volz.pt\/pt-pt\/wp-json\/wp\/v2\/media\/6157"}],"wp:attachment":[{"href":"https:\/\/volz.pt\/pt-pt\/wp-json\/wp\/v2\/media?parent=6654"}],"wp:term":[{"taxonomy":"product_brand","embeddable":true,"href":"https:\/\/volz.pt\/pt-pt\/wp-json\/wp\/v2\/product_brand?post=6654"},{"taxonomy":"product_cat","embeddable":true,"href":"https:\/\/volz.pt\/pt-pt\/wp-json\/wp\/v2\/product_cat?post=6654"},{"taxonomy":"product_tag","embeddable":true,"href":"https:\/\/volz.pt\/pt-pt\/wp-json\/wp\/v2\/product_tag?post=6654"}],"curies":[{"name":"wp","href":"https:\/\/api.w.org\/{rel}","templated":true}]}}