{"id":6633,"date":"2022-06-13T10:54:24","date_gmt":"2022-06-13T09:54:24","guid":{"rendered":"https:\/\/volz.pt\/product\/celtic-v1\/"},"modified":"2026-04-02T09:40:18","modified_gmt":"2026-04-02T08:40:18","slug":"celtic-v1","status":"publish","type":"product","link":"https:\/\/volz.pt\/pt-pt\/produto\/celtic-v1\/","title":{"rendered":"Celtic | V1"},"content":{"rendered":"<p><strong>Tecido e Forro:<\/strong> Alta Resist\u00eancia. Prote\u00e7\u00e3o UV. Resistente ao cloro. Resist\u00eancia ao creme e ao \u00f3leo solar. OEKO-TEX Standard 100.<\/p>\n","protected":false},"excerpt":{"rendered":"<p>Fato de banho com decote halter, com recorte, detalhe de tecido tra\u00e7ado e com pormenor de la\u00e7o nas costas. Forro duplo para maior conforto. A modelo veste o tamanho &#8220;S&#8221;.<\/p>\n","protected":false},"featured_media":6175,"comment_status":"open","ping_status":"closed","template":"","meta":[],"product_brand":[],"product_cat":[112],"product_tag":[],"class_list":{"0":"post-6633","1":"product","2":"type-product","3":"status-publish","4":"has-post-thumbnail","6":"product_cat-fatos-de-banho","7":"pa_collection-colecao-mar-mar","8":"pa_color-cru","9":"pa_size-s-pt","10":"pa_size-m-pt","11":"pa_size-l-pt","13":"first","14":"instock","15":"sale","16":"taxable","17":"shipping-taxable","18":"purchasable","19":"product-type-variable"},"jetpack_sharing_enabled":true,"_links":{"self":[{"href":"https:\/\/volz.pt\/pt-pt\/wp-json\/wp\/v2\/product\/6633","targetHints":{"allow":["GET"]}}],"collection":[{"href":"https:\/\/volz.pt\/pt-pt\/wp-json\/wp\/v2\/product"}],"about":[{"href":"https:\/\/volz.pt\/pt-pt\/wp-json\/wp\/v2\/types\/product"}],"replies":[{"embeddable":true,"href":"https:\/\/volz.pt\/pt-pt\/wp-json\/wp\/v2\/comments?post=6633"}],"wp:featuredmedia":[{"embeddable":true,"href":"https:\/\/volz.pt\/pt-pt\/wp-json\/wp\/v2\/media\/6175"}],"wp:attachment":[{"href":"https:\/\/volz.pt\/pt-pt\/wp-json\/wp\/v2\/media?parent=6633"}],"wp:term":[{"taxonomy":"product_brand","embeddable":true,"href":"https:\/\/volz.pt\/pt-pt\/wp-json\/wp\/v2\/product_brand?post=6633"},{"taxonomy":"product_cat","embeddable":true,"href":"https:\/\/volz.pt\/pt-pt\/wp-json\/wp\/v2\/product_cat?post=6633"},{"taxonomy":"product_tag","embeddable":true,"href":"https:\/\/volz.pt\/pt-pt\/wp-json\/wp\/v2\/product_tag?post=6633"}],"curies":[{"name":"wp","href":"https:\/\/api.w.org\/{rel}","templated":true}]}}