{"id":6600,"date":"2022-06-13T10:54:24","date_gmt":"2022-06-13T09:54:24","guid":{"rendered":"https:\/\/volz.pt\/product\/celtic-v3\/"},"modified":"2026-04-02T09:44:55","modified_gmt":"2026-04-02T08:44:55","slug":"celtic-v3","status":"publish","type":"product","link":"https:\/\/volz.pt\/pt-pt\/produto\/celtic-v3\/","title":{"rendered":"Celtic | V3"},"content":{"rendered":"<p><strong>Tecido e forro:<\/strong> Lycra reciclada. Ultra resistente ao cloro. Resist\u00eancia ao creme e ao \u00f3leo solar. Reten\u00e7\u00e3o da forma. Prote\u00e7\u00e3o UV. Suave. Elasticidade bidirecional. Resistente a pilling. Extra confort\u00e1vel. Forro duplo.<\/p>\n","protected":false},"excerpt":{"rendered":"<p>Fato de banho com decote halter, com recorte, detalhe de tecido tra\u00e7ado e com pormenor de la\u00e7o nas costas. Forro duplo para maior conforto. Tecido reciclado. A modelo veste o tamanho &#8220;S&#8221;.<\/p>\n","protected":false},"featured_media":6195,"comment_status":"open","ping_status":"closed","template":"","meta":[],"product_brand":[],"product_cat":[112],"product_tag":[],"class_list":{"0":"post-6600","1":"product","2":"type-product","3":"status-publish","4":"has-post-thumbnail","6":"product_cat-fatos-de-banho","7":"pa_collection-colecao-mar-mar","8":"pa_color-preto","9":"pa_size-s-pt","10":"pa_size-m-pt","11":"pa_size-l-pt","13":"first","14":"instock","15":"sale","16":"taxable","17":"shipping-taxable","18":"purchasable","19":"product-type-variable"},"jetpack_sharing_enabled":true,"_links":{"self":[{"href":"https:\/\/volz.pt\/pt-pt\/wp-json\/wp\/v2\/product\/6600","targetHints":{"allow":["GET"]}}],"collection":[{"href":"https:\/\/volz.pt\/pt-pt\/wp-json\/wp\/v2\/product"}],"about":[{"href":"https:\/\/volz.pt\/pt-pt\/wp-json\/wp\/v2\/types\/product"}],"replies":[{"embeddable":true,"href":"https:\/\/volz.pt\/pt-pt\/wp-json\/wp\/v2\/comments?post=6600"}],"wp:featuredmedia":[{"embeddable":true,"href":"https:\/\/volz.pt\/pt-pt\/wp-json\/wp\/v2\/media\/6195"}],"wp:attachment":[{"href":"https:\/\/volz.pt\/pt-pt\/wp-json\/wp\/v2\/media?parent=6600"}],"wp:term":[{"taxonomy":"product_brand","embeddable":true,"href":"https:\/\/volz.pt\/pt-pt\/wp-json\/wp\/v2\/product_brand?post=6600"},{"taxonomy":"product_cat","embeddable":true,"href":"https:\/\/volz.pt\/pt-pt\/wp-json\/wp\/v2\/product_cat?post=6600"},{"taxonomy":"product_tag","embeddable":true,"href":"https:\/\/volz.pt\/pt-pt\/wp-json\/wp\/v2\/product_tag?post=6600"}],"curies":[{"name":"wp","href":"https:\/\/api.w.org\/{rel}","templated":true}]}}