{"id":6435,"date":"2022-06-01T10:00:42","date_gmt":"2022-06-01T09:00:42","guid":{"rendered":"https:\/\/volz.pt\/product\/java-set-v1\/"},"modified":"2026-04-02T09:37:45","modified_gmt":"2026-04-02T08:37:45","slug":"java-set-v1","status":"publish","type":"product","link":"https:\/\/volz.pt\/pt-pt\/produto\/java-set-v1\/","title":{"rendered":"Java Set | V1"},"content":{"rendered":"<p><strong>Tecido: <\/strong>Alta Resist\u00eancia. Prote\u00e7\u00e3o UV. Resistente ao cloro. Resist\u00eancia ao creme e ao \u00f3leo solar. OEKO-TEX Standard 100<\/p>\n<p><strong>Forro:<\/strong> \u00c0 prova de cloro. Secagem r\u00e1pida. Resist\u00eancia ao creme e ao \u00f3leo solar. Suave. Extra confort\u00e1vel. Prote\u00e7\u00e3o UV. Resistente \u00e0 areia. OEKO-TEX Standard 100<\/p>\n","protected":false},"excerpt":{"rendered":"<p>Set de biqu\u00edni drapeado com detalhes nas al\u00e7as. Top de biqu\u00edni com arame que oferece conforto e apoio. Cortes em &#8220;V&#8221; que real\u00e7am qualquer tipo de silhueta. A modelo veste o tamanho &#8220;S&#8221;.<\/p>\n","protected":false},"featured_media":6034,"comment_status":"open","ping_status":"closed","template":"","meta":[],"product_brand":[],"product_cat":[111],"product_tag":[],"class_list":{"0":"post-6435","1":"product","2":"type-product","3":"status-publish","4":"has-post-thumbnail","6":"product_cat-bikinis-pt","7":"pa_bikini-type-bikini-set-pt-pt","8":"pa_collection-colecao-mar-mar","9":"pa_color-cru","10":"pa_size-s-pt","11":"pa_size-m-pt","12":"pa_size-l-pt","14":"first","15":"outofstock","16":"taxable","17":"shipping-taxable","18":"purchasable","19":"product-type-simple"},"jetpack_sharing_enabled":true,"_links":{"self":[{"href":"https:\/\/volz.pt\/pt-pt\/wp-json\/wp\/v2\/product\/6435","targetHints":{"allow":["GET"]}}],"collection":[{"href":"https:\/\/volz.pt\/pt-pt\/wp-json\/wp\/v2\/product"}],"about":[{"href":"https:\/\/volz.pt\/pt-pt\/wp-json\/wp\/v2\/types\/product"}],"replies":[{"embeddable":true,"href":"https:\/\/volz.pt\/pt-pt\/wp-json\/wp\/v2\/comments?post=6435"}],"wp:featuredmedia":[{"embeddable":true,"href":"https:\/\/volz.pt\/pt-pt\/wp-json\/wp\/v2\/media\/6034"}],"wp:attachment":[{"href":"https:\/\/volz.pt\/pt-pt\/wp-json\/wp\/v2\/media?parent=6435"}],"wp:term":[{"taxonomy":"product_brand","embeddable":true,"href":"https:\/\/volz.pt\/pt-pt\/wp-json\/wp\/v2\/product_brand?post=6435"},{"taxonomy":"product_cat","embeddable":true,"href":"https:\/\/volz.pt\/pt-pt\/wp-json\/wp\/v2\/product_cat?post=6435"},{"taxonomy":"product_tag","embeddable":true,"href":"https:\/\/volz.pt\/pt-pt\/wp-json\/wp\/v2\/product_tag?post=6435"}],"curies":[{"name":"wp","href":"https:\/\/api.w.org\/{rel}","templated":true}]}}