{"id":6427,"date":"2022-06-13T11:00:17","date_gmt":"2022-06-13T10:00:17","guid":{"rendered":"https:\/\/volz.pt\/product\/chukchi-set-v2\/"},"modified":"2026-03-24T16:37:04","modified_gmt":"2026-03-24T16:37:04","slug":"chukchi-set-v2","status":"publish","type":"product","link":"https:\/\/volz.pt\/pt-pt\/produto\/chukchi-set-v2\/","title":{"rendered":"Chukchi Set | V2"},"content":{"rendered":"<p><strong>Tecido:<\/strong> Elasticidade bidirecional. Resistente a pilling. Favorece qualquer tipo de silhueta. OEKO-TEX Standard 100.<\/p>\n<p><strong>Forro:<\/strong> \u00c0 prova de cloro. Secagem r\u00e1pida. Resist\u00eancia ao creme e ao \u00f3leo solar. Suave. Extra confort\u00e1vel. Prote\u00e7\u00e3o UV. Resistente \u00e0 areia. OEKO-TEX Standard 100.<\/p>\n","protected":false},"excerpt":{"rendered":"<p>Set de biqu\u00edni texturado com detalhes de costura. Extra confort\u00e1vel devido \u00e0 textura. A modelo veste o tamanho &#8220;S&#8221;.<\/p>\n","protected":false},"featured_media":5986,"comment_status":"open","ping_status":"closed","template":"","meta":[],"product_brand":[],"product_cat":[111],"product_tag":[],"class_list":{"0":"post-6427","1":"product","2":"type-product","3":"status-publish","4":"has-post-thumbnail","6":"product_cat-bikinis-pt","7":"pa_bikini-type-bikini-set-pt-pt","8":"pa_collection-colecao-mar-mar","9":"pa_color-castanho","10":"pa_size-s-pt","11":"pa_size-m-pt","12":"pa_size-l-pt","14":"first","15":"instock","16":"sale","17":"taxable","18":"shipping-taxable","19":"purchasable","20":"product-type-simple"},"jetpack_sharing_enabled":true,"_links":{"self":[{"href":"https:\/\/volz.pt\/pt-pt\/wp-json\/wp\/v2\/product\/6427","targetHints":{"allow":["GET"]}}],"collection":[{"href":"https:\/\/volz.pt\/pt-pt\/wp-json\/wp\/v2\/product"}],"about":[{"href":"https:\/\/volz.pt\/pt-pt\/wp-json\/wp\/v2\/types\/product"}],"replies":[{"embeddable":true,"href":"https:\/\/volz.pt\/pt-pt\/wp-json\/wp\/v2\/comments?post=6427"}],"wp:featuredmedia":[{"embeddable":true,"href":"https:\/\/volz.pt\/pt-pt\/wp-json\/wp\/v2\/media\/5986"}],"wp:attachment":[{"href":"https:\/\/volz.pt\/pt-pt\/wp-json\/wp\/v2\/media?parent=6427"}],"wp:term":[{"taxonomy":"product_brand","embeddable":true,"href":"https:\/\/volz.pt\/pt-pt\/wp-json\/wp\/v2\/product_brand?post=6427"},{"taxonomy":"product_cat","embeddable":true,"href":"https:\/\/volz.pt\/pt-pt\/wp-json\/wp\/v2\/product_cat?post=6427"},{"taxonomy":"product_tag","embeddable":true,"href":"https:\/\/volz.pt\/pt-pt\/wp-json\/wp\/v2\/product_tag?post=6427"}],"curies":[{"name":"wp","href":"https:\/\/api.w.org\/{rel}","templated":true}]}}