{"id":4900,"date":"2022-02-24T11:09:41","date_gmt":"2022-02-24T11:09:41","guid":{"rendered":"https:\/\/volz.pt\/politica-de-cookies\/"},"modified":"2022-06-21T10:51:32","modified_gmt":"2022-06-21T09:51:32","slug":"politica-de-cookies","status":"publish","type":"page","link":"https:\/\/volz.pt\/pt-pt\/politica-de-cookies\/","title":{"rendered":"Pol\u00edtica de Cookies"},"content":{"rendered":"<p>Esta pol\u00edtica de cookies explica o que s\u00e3o cookies e como os utilizamos, os tipos de cookies que utilizamos, ou seja, as informa\u00e7\u00f5es que recolhemos utilizando cookies e como estas informa\u00e7\u00f5es s\u00e3o utilizadas, e como pode controlar as suas prefer\u00eancias de cookies.<\/p>\n<p>Para mais informa\u00e7\u00f5es sobre como utilizamos, armazenamos e mantemos os seus dados pessoais, pode consultar a nossa <a href=\"https:\/\/volz.pt\/pt-pt\/politica-de-privacidade\/\">p\u00e1gina de pol\u00edtica de privacidade<\/a>.<\/p>\n<p>Poder\u00e1 a qualquer momento alterar ou retirar o seu consentimento para a utiliza\u00e7\u00e3o de cookies no nosso website.<\/p>\n<p>Find out more about who we are, how you can contact us, and how we process your personal data on our <a href=\"https:\/\/volz.pt\/pt-pt\/politica-de-privacidade\/\">privacy policy page<\/a>.<\/p>\n<p>O seu consentimento aplica-se ao seguinte dom\u00ednio: <strong>www.volz.pt<\/strong><\/p>\n[user_consent_state]\n<h3>O que \u00e9 um cookie?<\/h3>\n<p>Os cookies s\u00e3o ficheiros de texto ou de dados contendo pequenas quantidades de informa\u00e7\u00e3o que s\u00e3o descarregadas e armazenadas no seu dispositivo atrav\u00e9s do seu navegador quando visita uma p\u00e1gina web.<\/p>\n<p>Os cookies podem ser categorizados de acordo com a finalidade que servem. Alguns cookies s\u00e3o estritamente necess\u00e1rios para que o website funcione, enquanto outros recolhem informa\u00e7\u00f5es estat\u00edsticas a fim de analisar a utiliza\u00e7\u00e3o do website e o seu desempenho, ou s\u00e3o utilizados para assegurar que s\u00e3o disponibilizadas funcionalidades adicionais ao website ou para armazenar as prefer\u00eancias do visitante relativamente \u00e0 navega\u00e7\u00e3o no website sempre que ele ou ela utilizar o mesmo dispositivo. Outros cookies tamb\u00e9m podem ser utilizados para medir o sucesso das aplica\u00e7\u00f5es e a efic\u00e1cia da publicidade de terceiros.<\/p>\n<p>Os cookies s\u00e3o essenciais para o funcionamento da Internet; n\u00e3o danificam o equipamento ou dispositivo do utilizador e, se ativados na configura\u00e7\u00e3o do seu browser, ajudam a identificar e resolver poss\u00edveis erros no funcionamento do website.<\/p>\n<h3>Porqu\u00ea utilizar cookies?<\/h3>\n<p>O principal objetivo \u00e9 simplificar a navega\u00e7\u00e3o e permitir ao utilizador uma melhor utiliza\u00e7\u00e3o do site. Para este fim, o utilizador \u00e9 reconhecido sempre que acede ao site, eliminando a necessidade de introduzir repetidamente a mesma informa\u00e7\u00e3o e permitindo assim uma navega\u00e7\u00e3o mais r\u00e1pida, mais eficiente e de melhor qualidade.<\/p>\n<p><strong>Our cookies have different functions:<\/strong><\/p>\n<ul>\n<li><strong>Cookies necess\u00e1rios (Essenciais)<\/strong>: alguns cookies s\u00e3o essenciais para aceder a \u00e1reas espec\u00edficas do nosso website. Permitem-lhe navegar no website e utilizar as suas aplica\u00e7\u00f5es, tais como aceder a \u00e1reas seguras do site atrav\u00e9s do in\u00edcio de sess\u00e3o. Sem estes cookies, os servi\u00e7os que os requerem n\u00e3o podem ser prestados.<\/li>\n<li><strong>Cookies anal\u00edticos<\/strong>: utilizamos estes cookies para analisar a forma como os utilizadores utilizam o site e monitorizar o seu desempenho. Isto permite-nos fornecer uma experi\u00eancia de alta qualidade, personalizando a nossa oferta e identificando e resolvendo rapidamente quaisquer problemas que possam surgir. Por exemplo, utilizamos cookies anal\u00edticos para descobrir que p\u00e1ginas s\u00e3o mais populares, que m\u00e9todo de liga\u00e7\u00e3o de p\u00e1ginas \u00e9 mais eficaz, ou para determinar porque \u00e9 que algumas p\u00e1ginas est\u00e3o a receber mensagens de erro. Com base na utiliza\u00e7\u00e3o do site, podemos tamb\u00e9m utilizar estes cookies para destacar artigos ou servi\u00e7os no site que pensamos que possam ser de interesse para os utilizadores. Estes cookies s\u00e3o utilizados apenas para fins de an\u00e1lise estat\u00edstica e de cria\u00e7\u00e3o e nunca recolhem informa\u00e7\u00f5es pessoais.<\/li>\n<li><strong>Cookies funcionais<\/strong>: utilizamos cookies funcionais para nos permitir recordar as prefer\u00eancias dos utilizadores. Por exemplo, os cookies lembram-se da l\u00edngua que selecionam, evitando assim a necessidade de escolher a l\u00edngua cada vez que se abre uma p\u00e1gina ou se acede ao s\u00edtio.<\/li>\n<\/ul>\n<h3>Utiliza\u00e7\u00e3o de cookies<\/h3>\n[cookie_audit columns=&#8221;cookie,description&#8221; heading=&#8221;The table below explains how we use cookies on our website.&#8221;]\n<h3>\u00c9 poss\u00edvel desativar o uso de cookies?<\/h3>\n<p>Sim, os cookies podem ser desativados no seu navegador. No entanto, pode controlar e gerir os cookies no local atrav\u00e9s do seu navegador (ver abaixo). Note que a remo\u00e7\u00e3o ou bloqueio de cookies pode ter impacto na sua experi\u00eancia de utilizador e algumas funcionalidades podem j\u00e1 n\u00e3o estar dispon\u00edveis.<\/p>\n<h3>Utilize o seu navegador para controlar os cookies<\/h3>\n<p>A maioria dos browsers permite visualizar, controlar, apagar e bloquear cookies num website. No entanto, note que se apagar todos os cookies existentes, quaisquer prefer\u00eancias que tenha definido ser\u00e3o perdidas, incluindo a capacidade de apagar futuros cookies, uma vez que esta \u00e9 uma fun\u00e7\u00e3o que, por si s\u00f3, requer que um cookie seja definido no seu dispositivo. Para orienta\u00e7\u00e3o sobre o controlo de cookies para navegadores padr\u00e3o, consulte o link abaixo.<\/p>\n<ul>\n<li><a href=\"https:\/\/support.google.com\/chrome\/answer\/95647?co=GENIE.Platform%3DDesktop&amp;hl=en\" target=\"_blank\" rel=\"nofollow noopener\">Google Chrome<\/a><\/li>\n<li><a href=\"https:\/\/support.mozilla.org\/en-US\/kb\/enable-and-disable-cookies-website-preferences\" target=\"_blank\" rel=\"noopener\">Mozilla Firefox<\/a><\/li>\n<li><a href=\"https:\/\/support.apple.com\/en-us\/HT201265\" target=\"_blank\" rel=\"nofollow noopener\">MacOS Safari<\/a><\/li>\n<li><a href=\"https:\/\/support.microsoft.com\/en-us\/help\/17442\/windows-internet-explorer-delete-manage-cookies\" target=\"_blank\" rel=\"nofollow noopener\">Microsoft Internet Explorer&nbsp;<\/a><\/li>\n<\/ul>\n<p>Para informa\u00e7\u00f5es adicionais sobre outros navegadores e tipos de dispositivos, consulte <a href=\"https:\/\/www.aboutcookies.org\/\" target=\"_blank\" rel=\"noopener\">https:\/\/www.aboutcookies.org\/<\/a>.<\/p>\n<h3>Alterar as suas prefer\u00eancias<\/h3>\n<p>Se decidir alterar as suas prefer\u00eancias durante a sua sess\u00e3o de navega\u00e7\u00e3o, pode clicar no link &#8220;Gerir o seu consentimento&#8221; localizado no topo desta p\u00e1gina. Isto ir\u00e1 exibir novamente o aviso de consentimento, permitindo-lhe alterar as suas prefer\u00eancias ou retirar completamente o seu consentimento.<\/p>\n","protected":false},"excerpt":{"rendered":"<p>Esta pol\u00edtica de cookies explica o que s\u00e3o cookies e como os utilizamos, os tipos de cookies que utilizamos, ou seja, as informa\u00e7\u00f5es que recolhemos utilizando cookies e como estas informa\u00e7\u00f5es s\u00e3o utilizadas, e como pode controlar as suas prefer\u00eancias de cookies. Para mais informa\u00e7\u00f5es sobre como utilizamos, armazenamos e [&hellip;]<\/p>\n","protected":false},"author":3,"featured_media":0,"parent":0,"menu_order":0,"comment_status":"closed","ping_status":"closed","template":"","meta":{"footnotes":""},"class_list":["post-4900","page","type-page","status-publish","hentry"],"jetpack_sharing_enabled":true,"_links":{"self":[{"href":"https:\/\/volz.pt\/pt-pt\/wp-json\/wp\/v2\/pages\/4900","targetHints":{"allow":["GET"]}}],"collection":[{"href":"https:\/\/volz.pt\/pt-pt\/wp-json\/wp\/v2\/pages"}],"about":[{"href":"https:\/\/volz.pt\/pt-pt\/wp-json\/wp\/v2\/types\/page"}],"author":[{"embeddable":true,"href":"https:\/\/volz.pt\/pt-pt\/wp-json\/wp\/v2\/users\/3"}],"replies":[{"embeddable":true,"href":"https:\/\/volz.pt\/pt-pt\/wp-json\/wp\/v2\/comments?post=4900"}],"version-history":[{"count":5,"href":"https:\/\/volz.pt\/pt-pt\/wp-json\/wp\/v2\/pages\/4900\/revisions"}],"predecessor-version":[{"id":7037,"href":"https:\/\/volz.pt\/pt-pt\/wp-json\/wp\/v2\/pages\/4900\/revisions\/7037"}],"wp:attachment":[{"href":"https:\/\/volz.pt\/pt-pt\/wp-json\/wp\/v2\/media?parent=4900"}],"curies":[{"name":"wp","href":"https:\/\/api.w.org\/{rel}","templated":true}]}}