{"id":4847,"date":"2022-02-22T10:00:20","date_gmt":"2022-02-22T10:00:20","guid":{"rendered":"https:\/\/volz.pt\/envios-e-devolucoes\/"},"modified":"2022-08-13T16:47:24","modified_gmt":"2022-08-13T15:47:24","slug":"trocas-devolucoes","status":"publish","type":"page","link":"https:\/\/volz.pt\/pt-pt\/trocas-devolucoes\/","title":{"rendered":"Trocas e Devolu\u00e7\u00f5es"},"content":{"rendered":"<section class=\"wpb-content-wrapper\">[vc_row css=&#8221;.vc_custom_1654533824690{margin-top: 30px !important;}&#8221;][vc_column animation=&#8221;animation bottom-to-top&#8221;][vc_column_text]\n<h1 style=\"text-align: center;\">Trocas e Devolu\u00e7\u00f5es<\/h1>\n<p style=\"text-align: center;\">Se n\u00e3o estiveres totalmente satisfeita com a tua compra, estamos aqui para ajudar.<\/p>\n<p style=\"text-align: center;\">Podes solicitar uma troca ou uma devolu\u00e7\u00e3o no prazo de 14 dias ap\u00f3s a entrega da encomenda no endere\u00e7o indicado.<\/p>\n<p style=\"text-align: center;\">Qualquer produto que devolvas ou troques deve estar nas mesmas condi\u00e7\u00f5es em que o recebeste. Trocas e devolu\u00e7\u00f5es n\u00e3o ser\u00e3o aceites para artigos que apresentem sinais de utiliza\u00e7\u00e3o ou lavagem, nem se faltarem quaisquer componentes tais como etiquetas, copas, sacos de transporte, cart\u00f5es de agradecimento, prote\u00e7\u00e3o higi\u00e9nica, ou outros. As etiquetas e a prote\u00e7\u00e3o higi\u00e9nica devem estar intactas. A fatura de compra deve ser colocada dentro da caixa de devolu\u00e7\u00e3o.<\/p>\n<p style=\"text-align: center;\">Os custos de transporte de devolu\u00e7\u00e3o ser\u00e3o suportados pelo cliente e os custos de transporte da encomenda original, se cobrados, n\u00e3o s\u00e3o reembols\u00e1veis. As nossas caixas de transporte recicladas s\u00e3o reutiliz\u00e1veis! Destaca a faixa branca para a fechar de volta e usa a caixa original para nos devolveres os produtos a trocar ou devolver.<\/p>\n<p style=\"text-align: center;\">Utiliza o formul\u00e1rio abaixo para submeteres um pedido de troca ou devolu\u00e7\u00e3o.<\/p>\n[\/vc_column_text][\/vc_column][\/vc_row][vc_row equal_height=&#8221;yes&#8221; content_placement=&#8221;top&#8221; css=&#8221;.vc_custom_1654694185577{margin-top: 5px !important;}&#8221;][vc_column width=&#8221;1\/6&#8243; animation=&#8221;animation bottom-to-top&#8221; el_class=&#8221;delay-03&#8243;][\/vc_column][vc_column width=&#8221;1\/3&#8243; animation=&#8221;animation bottom-to-top&#8221; el_class=&#8221;delay-06&#8243;][vc_column_text css=&#8221;.vc_custom_1655914265401{padding-top: 5% !important;padding-right: 5% !important;padding-bottom: 5% !important;padding-left: 5% !important;background-color: #f8f8f8 !important;border-radius: 5px !important;}&#8221; el_class=&#8221;contact-info&#8221;]\n<h4 style=\"text-align: center;\"><i class=\"fas fa-exchange-alt\"><\/i>Trocar um artigo<\/h4>\n<p style=\"text-align: center;\">Se desejares um tamanho, cor ou um modelo diferente, envia-nos uma mensagem atrav\u00e9s do formul\u00e1rio dispon\u00edvel abaixo. Teremos todo o gosto em ajudar.<\/p>\n[\/vc_column_text][\/vc_column][vc_column width=&#8221;1\/3&#8243; animation=&#8221;animation bottom-to-top&#8221;][vc_column_text css=&#8221;.vc_custom_1655930054583{padding-top: 5% !important;padding-right: 5% !important;padding-bottom: 5% !important;padding-left: 5% !important;background-color: #f8f8f8 !important;border-radius: 5px !important;}&#8221; el_class=&#8221;contact-info&#8221;]\n<h4 style=\"text-align: center;\"><i class=\"fas fa-undo\"><\/i>Devolver um artigo<\/h4>\n<p style=\"text-align: center;\">Se desejares o reembolso da tua encomenda, envia-nos uma mensagem atrav\u00e9s do formul\u00e1rio dispon\u00edvel abaixo. Agradecemos o teu feedback.<\/p>\n[\/vc_column_text][\/vc_column][vc_column width=&#8221;1\/6&#8243;][\/vc_column][\/vc_row][vc_row][vc_column width=&#8221;1\/6&#8243; animation=&#8221;animation bottom-to-top&#8221;][\/vc_column][vc_column width=&#8221;2\/3&#8243; animation=&#8221;animation bottom-to-top&#8221;][vc_column_text]\n<h2 style=\"text-align: center;\">Solicitar uma troca ou uma devolu\u00e7\u00e3o<\/h2>\n<p style=\"text-align: center;\">Utiliza o formul\u00e1rio abaixo para solicitares uma troca ou uma devolu\u00e7\u00e3o de artigos. Por favor fornece-nos o m\u00e1ximo de informa\u00e7\u00e3o poss\u00edvel. Agradec\u00edamos que partilhasses connosco o motivo por detr\u00e1s do teu pedido.<\/p>\n[\/vc_column_text][\/vc_column][vc_column width=&#8221;1\/6&#8243;][\/vc_column][\/vc_row][vc_row et_column_align=&#8221;align-center&#8221; equal_height=&#8221;yes&#8221; content_placement=&#8221;top&#8221; css=&#8221;.vc_custom_1654694191950{margin-top: 5px !important;margin-bottom: 50px !important;}&#8221;][vc_column width=&#8221;1\/6&#8243; animation=&#8221;animation bottom-to-top&#8221; el_class=&#8221;delay-06&#8243;][\/vc_column][vc_column width=&#8221;2\/3&#8243; animation=&#8221;animation bottom-to-top&#8221;]\n<div class=\"wpcf7 no-js\" id=\"wpcf7-f7118-o1\" lang=\"pt-PT\" dir=\"ltr\" data-wpcf7-id=\"7118\">\n<div class=\"screen-reader-response\"><p role=\"status\" aria-live=\"polite\" aria-atomic=\"true\"><\/p> <ul><\/ul><\/div>\n<form action=\"\/pt-pt\/wp-json\/wp\/v2\/pages\/4847#wpcf7-f7118-o1\" method=\"post\" class=\"wpcf7-form init\" aria-label=\"Formul\u00e1rio de contacto\" novalidate=\"novalidate\" data-status=\"init\">\n<fieldset class=\"hidden-fields-container\"><input type=\"hidden\" name=\"_wpcf7\" value=\"7118\" \/><input type=\"hidden\" name=\"_wpcf7_version\" value=\"6.1.5\" \/><input type=\"hidden\" name=\"_wpcf7_locale\" value=\"pt_PT\" \/><input type=\"hidden\" name=\"_wpcf7_unit_tag\" value=\"wpcf7-f7118-o1\" \/><input type=\"hidden\" name=\"_wpcf7_container_post\" value=\"0\" \/><input type=\"hidden\" name=\"_wpcf7_posted_data_hash\" value=\"\" \/><input type=\"hidden\" name=\"_wpcf7_recaptcha_response\" value=\"\" \/>\n<\/fieldset>\n<div class=\"row\">\n<div class=\"col-md-6\"><span class=\"wpcf7-form-control-wrap\" data-name=\"your-firstname\"><input size=\"40\" maxlength=\"400\" class=\"wpcf7-form-control wpcf7-text wpcf7-validates-as-required\" aria-required=\"true\" aria-invalid=\"false\" placeholder=\"Nome *\" value=\"\" type=\"text\" name=\"your-firstname\" \/><\/span><\/div>\n<div class=\"col-md-6\"><span class=\"wpcf7-form-control-wrap\" data-name=\"your-lastname\"><input size=\"40\" maxlength=\"400\" class=\"wpcf7-form-control wpcf7-text wpcf7-validates-as-required\" aria-required=\"true\" aria-invalid=\"false\" placeholder=\"Apelido *\" value=\"\" type=\"text\" name=\"your-lastname\" \/><\/span><\/div>\n<\/div>\n<div class=\"row\">\n<div class=\"col-md-6\"><span class=\"wpcf7-form-control-wrap\" data-name=\"your-email\"><input size=\"40\" maxlength=\"400\" class=\"wpcf7-form-control wpcf7-email wpcf7-validates-as-required wpcf7-text wpcf7-validates-as-email\" aria-required=\"true\" aria-invalid=\"false\" placeholder=\"Endere\u00e7o de E-mail *\" value=\"\" type=\"email\" name=\"your-email\" \/><\/span><\/div>\n<div class=\"col-md-6\"><span class=\"wpcf7-form-control-wrap\" data-name=\"cf_1\"><input size=\"40\" maxlength=\"400\" class=\"wpcf7-form-control wpcf7-tel wpcf7-text wpcf7-validates-as-tel\" aria-invalid=\"false\" placeholder=\"Contacto Telef\u00f3nico\" value=\"\" type=\"tel\" name=\"cf_1\" \/><\/span><\/div>\n<\/div>\n<div class=\"row\">\n<div class=\"col-md-12\"><span class=\"wpcf7-form-control-wrap\" data-name=\"order-email\"><input size=\"40\" maxlength=\"400\" class=\"wpcf7-form-control wpcf7-email wpcf7-validates-as-required wpcf7-text wpcf7-validates-as-email\" aria-required=\"true\" aria-invalid=\"false\" placeholder=\"E-mail utilizado no Checkout *\" value=\"\" type=\"email\" name=\"order-email\" \/><\/span><\/div>\n<\/div>\n<div class=\"row\">\n<div class=\"col-md-6\"><span class=\"wpcf7-form-control-wrap\" data-name=\"your-subject\"><select class=\"wpcf7-form-control wpcf7-select\" aria-invalid=\"false\" name=\"your-subject\"><option value=\"\">Como podemos ajudar?<\/option><option value=\"Preciso de trocar um artigo\">Preciso de trocar um artigo<\/option><option value=\"Preciso de devolver um artigo\">Preciso de devolver um artigo<\/option><\/select><\/span>\n<\/div>\n<div class=\"col-md-6\"><span class=\"wpcf7-form-control-wrap\" data-name=\"order-number\"><input size=\"40\" maxlength=\"400\" class=\"wpcf7-form-control wpcf7-text wpcf7-validates-as-required\" aria-required=\"true\" aria-invalid=\"false\" placeholder=\"N\u00famero de encomenda *\" value=\"\" type=\"text\" name=\"order-number\" \/><\/span><\/div>\n<\/div>\n<div class=\"row\">\n<div class=\"col-md-12\"><span class=\"wpcf7-form-control-wrap\" data-name=\"your-message\"><textarea cols=\"40\" rows=\"4\" maxlength=\"2000\" class=\"wpcf7-form-control wpcf7-textarea\" aria-invalid=\"false\" placeholder=\"Escreva aqui a tua mensagem...\" name=\"your-message\"><\/textarea><\/span><\/div>\n<\/div>\n<p class=\"cf-note\"><small><span class=\"wpcf7-form-control-wrap\" data-name=\"rgpd-acceptance\"><span class=\"wpcf7-form-control wpcf7-acceptance\"><span class=\"wpcf7-list-item\"><label><input type=\"checkbox\" name=\"rgpd-acceptance\" value=\"1\" aria-invalid=\"false\" \/><span class=\"wpcf7-list-item-label\">Li e concordo com a <a href=\"https:\/\/volz.pt\/pt-pt\/politica-de-privacidade\/\" target=\"_blank\">Pol\u00edtica de Privacidade<\/a>.<\/span><\/label><\/span><\/span><\/span><\/small><\/p>\n<p class=\"cf-note google-recaptcha\"><small>\nEste site \u00e9 protegido pela reCAPTCHA e aplicam-se a <a href=\"https:\/\/policies.google.com\/privacy\" target=\"_blank\" rel=\"noopener noreferrer\">Pol\u00edtica de Privacidade<\/a> e os <a href=\"https:\/\/policies.google.com\/terms\" target=\"_blank\" rel=\"noopener noreferrer\">Termos e Condi\u00e7\u00f5es<\/a> da Google.<\/small><\/p>\n<p class=\"submit-button\"><input class=\"wpcf7-form-control wpcf7-submit has-spinner\" type=\"submit\" value=\"Enviar Mensagem\" \/><\/p><div class=\"wpcf7-response-output\" aria-hidden=\"true\"><\/div>\n<\/form>\n<\/div>\n[\/vc_column][vc_column width=&#8221;1\/6&#8243;][\/vc_column][\/vc_row]\n<\/section>","protected":false},"excerpt":{"rendered":"<p>[vc_row css=&#8221;.vc_custom_1654533824690{margin-top: 30px !important;}&#8221;][vc_column animation=&#8221;animation bottom-to-top&#8221;][vc_column_text] Trocas e Devolu\u00e7\u00f5es Se n\u00e3o estiveres totalmente satisfeita com a tua compra, estamos aqui para ajudar. Podes solicitar uma troca ou uma devolu\u00e7\u00e3o no prazo de 14 dias ap\u00f3s a entrega da encomenda no endere\u00e7o indicado. Qualquer produto que devolvas ou troques deve estar [&hellip;]<\/p>\n","protected":false},"author":3,"featured_media":6575,"parent":0,"menu_order":0,"comment_status":"closed","ping_status":"closed","template":"","meta":{"footnotes":""},"class_list":["post-4847","page","type-page","status-publish","has-post-thumbnail","hentry"],"jetpack_sharing_enabled":true,"_links":{"self":[{"href":"https:\/\/volz.pt\/pt-pt\/wp-json\/wp\/v2\/pages\/4847","targetHints":{"allow":["GET"]}}],"collection":[{"href":"https:\/\/volz.pt\/pt-pt\/wp-json\/wp\/v2\/pages"}],"about":[{"href":"https:\/\/volz.pt\/pt-pt\/wp-json\/wp\/v2\/types\/page"}],"author":[{"embeddable":true,"href":"https:\/\/volz.pt\/pt-pt\/wp-json\/wp\/v2\/users\/3"}],"replies":[{"embeddable":true,"href":"https:\/\/volz.pt\/pt-pt\/wp-json\/wp\/v2\/comments?post=4847"}],"version-history":[{"count":5,"href":"https:\/\/volz.pt\/pt-pt\/wp-json\/wp\/v2\/pages\/4847\/revisions"}],"predecessor-version":[{"id":7233,"href":"https:\/\/volz.pt\/pt-pt\/wp-json\/wp\/v2\/pages\/4847\/revisions\/7233"}],"wp:featuredmedia":[{"embeddable":true,"href":"https:\/\/volz.pt\/pt-pt\/wp-json\/wp\/v2\/media\/6575"}],"wp:attachment":[{"href":"https:\/\/volz.pt\/pt-pt\/wp-json\/wp\/v2\/media?parent=4847"}],"curies":[{"name":"wp","href":"https:\/\/api.w.org\/{rel}","templated":true}]}}